{"id":306,"date":"2018-08-07T15:58:01","date_gmt":"2018-08-07T19:58:01","guid":{"rendered":"https:\/\/wphosting-staging.whc.ca\/?page_id=306"},"modified":"2025-04-09T19:25:06","modified_gmt":"2025-04-09T23:25:06","slug":"gestion","status":"publish","type":"page","link":"https:\/\/gia.ca\/gestionplex\/gestion\/","title":{"rendered":"Gestion"},"content":{"rendered":"\t\t<div data-elementor-type=\"wp-post\" data-elementor-id=\"306\" class=\"elementor elementor-306\">\n\t\t\t\t\t\t<section class=\"elementor-section elementor-top-section elementor-element elementor-element-4a5fbfab elementor-section-boxed elementor-section-height-default elementor-section-height-default\" data-id=\"4a5fbfab\" data-element_type=\"section\" data-e-type=\"section\" data-settings=\"{&quot;background_background&quot;:&quot;classic&quot;}\">\n\t\t\t\t\t\t\t<div class=\"elementor-background-overlay\"><\/div>\n\t\t\t\t\t\t\t<div class=\"elementor-container elementor-column-gap-default\">\n\t\t\t\t\t<div class=\"elementor-column elementor-col-100 elementor-top-column elementor-element elementor-element-6cb57067\" data-id=\"6cb57067\" data-element_type=\"column\" data-e-type=\"column\">\n\t\t\t<div class=\"elementor-widget-wrap elementor-element-populated\">\n\t\t\t\t\t\t<div class=\"elementor-element elementor-element-5dabe3b6 elementor-widget elementor-widget-heading\" data-id=\"5dabe3b6\" data-element_type=\"widget\" data-e-type=\"widget\" data-widget_type=\"heading.default\">\n\t\t\t\t<div class=\"elementor-widget-container\">\n\t\t\t\t\t<h2 class=\"elementor-heading-title elementor-size-default\"><b>Gestion<\/b><\/h2>\t\t\t\t<\/div>\n\t\t\t\t<\/div>\n\t\t\t\t\t<\/div>\n\t\t<\/div>\n\t\t\t\t\t<\/div>\n\t\t<\/section>\n\t\t\t\t<section class=\"elementor-section elementor-top-section elementor-element elementor-element-028c240 elementor-section-boxed elementor-section-height-default elementor-section-height-default\" data-id=\"028c240\" data-element_type=\"section\" data-e-type=\"section\">\n\t\t\t\t\t\t<div class=\"elementor-container elementor-column-gap-default\">\n\t\t\t\t\t<div class=\"elementor-column elementor-col-100 elementor-top-column elementor-element elementor-element-cf853bc\" data-id=\"cf853bc\" data-element_type=\"column\" data-e-type=\"column\">\n\t\t\t<div class=\"elementor-widget-wrap elementor-element-populated\">\n\t\t\t\t\t\t<div class=\"elementor-element elementor-element-abf9ecc elementor-widget elementor-widget-image\" data-id=\"abf9ecc\" data-element_type=\"widget\" data-e-type=\"widget\" data-widget_type=\"image.default\">\n\t\t\t\t<div class=\"elementor-widget-container\">\n\t\t\t\t\t\t\t\t\t\t\t\t\t\t\t<img decoding=\"async\" src=\"https:\/\/gia.ca\/gestionplex\/wp-content\/uploads\/sites\/5\/elementor\/thumbs\/5-r2fuz3scz5ekwlich5bd5wosvvjolhw0a583kisc3o.jpg\" title=\"5\" alt=\"5\" loading=\"lazy\" \/>\t\t\t\t\t\t\t\t\t\t\t\t\t\t\t<\/div>\n\t\t\t\t<\/div>\n\t\t\t\t<div class=\"elementor-element elementor-element-9f1961f elementor-widget elementor-widget-heading\" data-id=\"9f1961f\" data-element_type=\"widget\" data-e-type=\"widget\" data-widget_type=\"heading.default\">\n\t\t\t\t<div class=\"elementor-widget-container\">\n\t\t\t\t\t<h2 class=\"elementor-heading-title elementor-size-default\">Gestion immobili\u00e8re Attach\u00e9-Beaulieu Inc. 2009<\/h2>\t\t\t\t<\/div>\n\t\t\t\t<\/div>\n\t\t\t\t<div class=\"elementor-element elementor-element-45434f5 elementor-widget elementor-widget-heading\" data-id=\"45434f5\" data-element_type=\"widget\" data-e-type=\"widget\" data-widget_type=\"heading.default\">\n\t\t\t\t<div class=\"elementor-widget-container\">\n\t\t\t\t\t<h2 class=\"elementor-heading-title elementor-size-default\">Avec GIA-Beaulieu y'en a pas de probl\u00e8me !<\/h2>\t\t\t\t<\/div>\n\t\t\t\t<\/div>\n\t\t\t\t<div class=\"elementor-element elementor-element-a749b12 elementor-widget elementor-widget-heading\" data-id=\"a749b12\" data-element_type=\"widget\" data-e-type=\"widget\" data-widget_type=\"heading.default\">\n\t\t\t\t<div class=\"elementor-widget-container\">\n\t\t\t\t\t<h4 class=\"elementor-heading-title elementor-size-default\">1. Trouver de bons locataires <\/h4>\t\t\t\t<\/div>\n\t\t\t\t<\/div>\n\t\t\t\t<div class=\"elementor-element elementor-element-10666c5 elementor-widget elementor-widget-text-editor\" data-id=\"10666c5\" data-element_type=\"widget\" data-e-type=\"widget\" data-widget_type=\"text-editor.default\">\n\t\t\t\t<div class=\"elementor-widget-container\">\n\t\t\t\t\t\t\t\t\t<p>Vous avez de des difficult\u00e9s \u00e0 trouver un excellent gestionnaire d&rsquo;immeubles r\u00e9sidentiel ? Vous \u00eates au bon endroit! Nous vous offrons des services exceptionnels et des produits de haute qualit\u00e9 \u00e0 des prix raisonnables.<\/p>\t\t\t\t\t\t\t\t<\/div>\n\t\t\t\t<\/div>\n\t\t\t\t<div class=\"elementor-element elementor-element-f93df49 elementor-widget elementor-widget-text-editor\" data-id=\"f93df49\" data-element_type=\"widget\" data-e-type=\"widget\" data-widget_type=\"text-editor.default\">\n\t\t\t\t<div class=\"elementor-widget-container\">\n\t\t\t\t\t\t\t\t\t<ul><li>\u00a0V\u00e9rifications pr\u00e9-locatives<\/li><li>Recommandations aux clients du meilleur candidat locataire<\/li><li>Constat des lieux avec photos \u00e0 l&rsquo;appui<\/li><li>Recommandation aux clients des petites r\u00e9parations, de l&rsquo;entretien, et des rafra\u00eechissements<\/li><li><span style=\"font-size: 16px;\">Facturation mensuelle<\/span><\/li><\/ul>\t\t\t\t\t\t\t\t<\/div>\n\t\t\t\t<\/div>\n\t\t\t\t<div class=\"elementor-element elementor-element-0d3f97c elementor-widget elementor-widget-heading\" data-id=\"0d3f97c\" data-element_type=\"widget\" data-e-type=\"widget\" data-widget_type=\"heading.default\">\n\t\t\t\t<div class=\"elementor-widget-container\">\n\t\t\t\t\t<h4 class=\"elementor-heading-title elementor-size-default\">2. Gestion des locataires probl\u00e9matiques<\/h4>\t\t\t\t<\/div>\n\t\t\t\t<\/div>\n\t\t\t\t<div class=\"elementor-element elementor-element-01ce37e elementor-widget elementor-widget-text-editor\" data-id=\"01ce37e\" data-element_type=\"widget\" data-e-type=\"widget\" data-widget_type=\"text-editor.default\">\n\t\t\t\t<div class=\"elementor-widget-container\">\n\t\t\t\t\t\t\t\t\t<p style=\"text-align: left;\"><span style=\"color: #0a0909;\"><span style=\"white-space: pre-wrap;\">Accompagnement du client devant le TRIBUNAL ADMINISTRATIF DU LOGEMENT (R\u00e9gie du logement) <\/span><\/span><\/p>\t\t\t\t\t\t\t\t<\/div>\n\t\t\t\t<\/div>\n\t\t\t\t<div class=\"elementor-element elementor-element-b4b6e37 elementor-widget elementor-widget-heading\" data-id=\"b4b6e37\" data-element_type=\"widget\" data-e-type=\"widget\" data-widget_type=\"heading.default\">\n\t\t\t\t<div class=\"elementor-widget-container\">\n\t\t\t\t\t<h4 class=\"elementor-heading-title elementor-size-default\">3 . Production de rapports aux agences du Revenu du Canada et Qu\u00e9bec, pour les qu\u00e9b\u00e9cois.es non-r\u00e9sident.es<\/h4>\t\t\t\t<\/div>\n\t\t\t\t<\/div>\n\t\t\t\t\t<\/div>\n\t\t<\/div>\n\t\t\t\t\t<\/div>\n\t\t<\/section>\n\t\t\t\t<section class=\"elementor-section elementor-top-section elementor-element elementor-element-a5c70ce elementor-section-boxed elementor-section-height-default elementor-section-height-default\" data-id=\"a5c70ce\" data-element_type=\"section\" data-e-type=\"section\">\n\t\t\t\t\t\t<div class=\"elementor-container elementor-column-gap-default\">\n\t\t\t\t\t<div class=\"elementor-column elementor-col-100 elementor-top-column elementor-element elementor-element-92382e1\" data-id=\"92382e1\" data-element_type=\"column\" data-e-type=\"column\">\n\t\t\t<div class=\"elementor-widget-wrap elementor-element-populated\">\n\t\t\t\t\t\t<div class=\"elementor-element elementor-element-50d4c7a elementor-widget elementor-widget-heading\" data-id=\"50d4c7a\" data-element_type=\"widget\" data-e-type=\"widget\" data-widget_type=\"heading.default\">\n\t\t\t\t<div class=\"elementor-widget-container\">\n\t\t\t\t\t<h2 class=\"elementor-heading-title elementor-size-default\">Nos services de maintenances et de gestion actuels<\/h2>\t\t\t\t<\/div>\n\t\t\t\t<\/div>\n\t\t\t\t\t<\/div>\n\t\t<\/div>\n\t\t\t\t\t<\/div>\n\t\t<\/section>\n\t\t\t\t<section class=\"elementor-section elementor-top-section elementor-element elementor-element-af2143b elementor-section-boxed elementor-section-height-default elementor-section-height-default\" data-id=\"af2143b\" data-element_type=\"section\" data-e-type=\"section\">\n\t\t\t\t\t\t<div class=\"elementor-container elementor-column-gap-default\">\n\t\t\t\t\t<div class=\"elementor-column elementor-col-100 elementor-top-column elementor-element elementor-element-218a10a\" data-id=\"218a10a\" data-element_type=\"column\" data-e-type=\"column\">\n\t\t\t<div class=\"elementor-widget-wrap elementor-element-populated\">\n\t\t\t\t\t\t<div class=\"elementor-element elementor-element-3038e57 elementor-position-left elementor-vertical-align-top elementor-widget elementor-widget-image-box\" data-id=\"3038e57\" data-element_type=\"widget\" data-e-type=\"widget\" data-widget_type=\"image-box.default\">\n\t\t\t\t<div class=\"elementor-widget-container\">\n\t\t\t\t\t<div class=\"elementor-image-box-wrapper\"><figure class=\"elementor-image-box-img\"><img decoding=\"async\" src=\"https:\/\/gia.ca\/gestionplex\/wp-content\/uploads\/sites\/5\/2024\/02\/d34bd266-0245-4965-bf59-657ef67cc957.jpg\" title=\"d34bd266-0245-4965-bf59-657ef67cc957\" alt=\"d34bd266-0245-4965-bf59-657ef67cc957\" loading=\"lazy\" \/><\/figure><div class=\"elementor-image-box-content\"><h3 class=\"elementor-image-box-title\">Sudbury - Ontario<\/h3><p class=\"elementor-image-box-description\">- Remplacement total de la toiture.<br>- Am\u00e9nagement complet du sous-sol, vide \u00e0 un logement habitable. <br>- Maintenance locale de tous les probl\u00e8mes. <\/p><\/div><\/div>\t\t\t\t<\/div>\n\t\t\t\t<\/div>\n\t\t\t\t<div class=\"elementor-element elementor-element-41c96ee elementor-position-left elementor-vertical-align-top elementor-widget elementor-widget-image-box\" data-id=\"41c96ee\" data-element_type=\"widget\" data-e-type=\"widget\" data-widget_type=\"image-box.default\">\n\t\t\t\t<div class=\"elementor-widget-container\">\n\t\t\t\t\t<div class=\"elementor-image-box-wrapper\"><figure class=\"elementor-image-box-img\"><img decoding=\"async\" src=\"https:\/\/gia.ca\/gestionplex\/wp-content\/uploads\/sites\/5\/2023\/01\/9585-9595-1-300x300.png\" title=\"9585-9595\" alt=\"Deux triplex sur la rue St-Denis \u00e0 Montr\u00e9al depuis 1994.\" loading=\"lazy\" \/><\/figure><div class=\"elementor-image-box-content\"><h3 class=\"elementor-image-box-title\">Montr\u00e9al - Qu\u00e9bec<\/h3><p class=\"elementor-image-box-description\">- R\u00e9novation d'une nouvelle salle de bain.<br>- Maintenance de la plomberie, de l'\u00e9lectricit\u00e9, quincaillerie, tuyauterie, etc.<br>- Poser des nouvelles fen\u00eatres et de nouvelles haies. <br>- Maintenance de l'espace ext\u00e9rieur comme le jardin, la pelouse, la plate-bande, etc. <br><\/p><\/div><\/div>\t\t\t\t<\/div>\n\t\t\t\t<\/div>\n\t\t\t\t<div class=\"elementor-element elementor-element-ac57b3b elementor-position-right elementor-vertical-align-top elementor-widget elementor-widget-image-box\" data-id=\"ac57b3b\" data-element_type=\"widget\" data-e-type=\"widget\" data-settings=\"{&quot;_animation&quot;:&quot;none&quot;}\" data-widget_type=\"image-box.default\">\n\t\t\t\t<div class=\"elementor-widget-container\">\n\t\t\t\t\t<div class=\"elementor-image-box-wrapper\"><figure class=\"elementor-image-box-img\"><img decoding=\"async\" src=\"https:\/\/gia.ca\/gestionplex\/wp-content\/uploads\/sites\/5\/2023\/01\/sunnybear-300x300.png\" title=\"sunnybear\" alt=\"Condo sur la rue Ridgebrook \u00e0 Ottawa depuis 1990.\" loading=\"lazy\" \/><\/figure><div class=\"elementor-image-box-content\"><h3 class=\"elementor-image-box-title\"><br>Ottawa - Ontario<\/h3><p class=\"elementor-image-box-description\">Maintenance compl\u00e8te de la cuisine et de l'int\u00e9rieur -<br>   La pose d'un plancher flottant -<br>Poser des nouvelles armoires de cuisine et des nouveaux \u00e9lectrom\u00e9nagers -<br>L'isolation compl\u00e8te des murs <span style=\", sans-serif;font-size: 16px;font-style: normal;font-weight: 500\">ext\u00e9rieurs<\/span> -<br>L'am\u00e9nagement d'une nouvelle salle d'eau au rez-de-chauss\u00e9e -<\/p><\/div><\/div>\t\t\t\t<\/div>\n\t\t\t\t<\/div>\n\t\t\t\t<div class=\"elementor-element elementor-element-ffbb6c0 elementor-widget elementor-widget-spacer\" data-id=\"ffbb6c0\" data-element_type=\"widget\" data-e-type=\"widget\" data-widget_type=\"spacer.default\">\n\t\t\t\t<div class=\"elementor-widget-container\">\n\t\t\t\t\t\t\t<div class=\"elementor-spacer\">\n\t\t\t<div class=\"elementor-spacer-inner\"><\/div>\n\t\t<\/div>\n\t\t\t\t\t\t<\/div>\n\t\t\t\t<\/div>\n\t\t\t\t\t<\/div>\n\t\t<\/div>\n\t\t\t\t\t<\/div>\n\t\t<\/section>\n\t\t\t\t<section class=\"elementor-section elementor-top-section elementor-element elementor-element-6224ed2 elementor-section-boxed elementor-section-height-default elementor-section-height-default\" data-id=\"6224ed2\" data-element_type=\"section\" data-e-type=\"section\">\n\t\t\t\t\t\t<div class=\"elementor-container elementor-column-gap-default\">\n\t\t\t\t\t<div class=\"elementor-column elementor-col-100 elementor-top-column elementor-element elementor-element-b711ab3\" data-id=\"b711ab3\" data-element_type=\"column\" data-e-type=\"column\">\n\t\t\t<div class=\"elementor-widget-wrap elementor-element-populated\">\n\t\t\t\t\t\t<div class=\"elementor-element elementor-element-5b67e33 elementor-widget elementor-widget-heading\" data-id=\"5b67e33\" data-element_type=\"widget\" data-e-type=\"widget\" data-widget_type=\"heading.default\">\n\t\t\t\t<div class=\"elementor-widget-container\">\n\t\t\t\t\t<h1 class=\"elementor-heading-title elementor-size-default\">Demandez nous un prix, cotation, estimation, devis!<\/h1>\t\t\t\t<\/div>\n\t\t\t\t<\/div>\n\t\t\t\t\t<\/div>\n\t\t<\/div>\n\t\t\t\t\t<\/div>\n\t\t<\/section>\n\t\t\t\t<section class=\"elementor-section elementor-top-section elementor-element elementor-element-e50f2d7 elementor-section-boxed elementor-section-height-default elementor-section-height-default\" data-id=\"e50f2d7\" data-element_type=\"section\" data-e-type=\"section\">\n\t\t\t\t\t\t<div class=\"elementor-container elementor-column-gap-default\">\n\t\t\t\t\t<div class=\"elementor-column elementor-col-50 elementor-top-column elementor-element elementor-element-752a4bc\" data-id=\"752a4bc\" data-element_type=\"column\" data-e-type=\"column\">\n\t\t\t<div class=\"elementor-widget-wrap elementor-element-populated\">\n\t\t\t\t\t\t<div class=\"elementor-element elementor-element-a13c0c6 elementor-align-right elementor-mobile-align-center elementor-widget elementor-widget-button\" data-id=\"a13c0c6\" data-element_type=\"widget\" data-e-type=\"widget\" data-widget_type=\"button.default\">\n\t\t\t\t<div class=\"elementor-widget-container\">\n\t\t\t\t\t\t\t\t\t<div class=\"elementor-button-wrapper\">\n\t\t\t\t\t<a class=\"elementor-button elementor-button-link elementor-size-sm\" href=\"tel:5143840624\">\n\t\t\t\t\t\t<span class=\"elementor-button-content-wrapper\">\n\t\t\t\t\t\t\t\t\t<span class=\"elementor-button-text\">(514) 384-0624<\/span>\n\t\t\t\t\t<\/span>\n\t\t\t\t\t<\/a>\n\t\t\t\t<\/div>\n\t\t\t\t\t\t\t\t<\/div>\n\t\t\t\t<\/div>\n\t\t\t\t\t<\/div>\n\t\t<\/div>\n\t\t\t\t<div class=\"elementor-column elementor-col-50 elementor-top-column elementor-element elementor-element-79a24d5\" data-id=\"79a24d5\" data-element_type=\"column\" data-e-type=\"column\">\n\t\t\t<div class=\"elementor-widget-wrap elementor-element-populated\">\n\t\t\t\t\t\t<div class=\"elementor-element elementor-element-bf1abcc elementor-align-left elementor-mobile-align-center elementor-widget elementor-widget-button\" data-id=\"bf1abcc\" data-element_type=\"widget\" data-e-type=\"widget\" data-widget_type=\"button.default\">\n\t\t\t\t<div class=\"elementor-widget-container\">\n\t\t\t\t\t\t\t\t\t<div class=\"elementor-button-wrapper\">\n\t\t\t\t\t<a class=\"elementor-button elementor-button-link elementor-size-sm\" href=\"mailto:president@gia.ca\" target=\"_blank\">\n\t\t\t\t\t\t<span class=\"elementor-button-content-wrapper\">\n\t\t\t\t\t\t\t\t\t<span class=\"elementor-button-text\">PRESIDENT@GIA.CA\u200b<\/span>\n\t\t\t\t\t<\/span>\n\t\t\t\t\t<\/a>\n\t\t\t\t<\/div>\n\t\t\t\t\t\t\t\t<\/div>\n\t\t\t\t<\/div>\n\t\t\t\t\t<\/div>\n\t\t<\/div>\n\t\t\t\t\t<\/div>\n\t\t<\/section>\n\t\t\t\t<\/div>\n\t\t","protected":false},"excerpt":{"rendered":"<p>Gestion Gestion immobili\u00e8re Attach\u00e9-Beaulieu Inc. 2009 Avec GIA-Beaulieu y&rsquo;en a pas de probl\u00e8me ! 1. Trouver de bons locataires Vous avez de des difficult\u00e9s \u00e0 trouver un excellent gestionnaire d&rsquo;immeubles r\u00e9sidentiel ? Vous \u00eates au bon endroit! Nous vous offrons des services exceptionnels et des produits de haute qualit\u00e9 \u00e0 des prix raisonnables. \u00a0V\u00e9rifications pr\u00e9-locatives [&hellip;]<\/p>\n","protected":false},"author":3456,"featured_media":0,"parent":0,"menu_order":0,"comment_status":"closed","ping_status":"closed","template":"","meta":{"om_disable_all_campaigns":false,"_monsterinsights_skip_tracking":false,"_monsterinsights_sitenote_active":false,"_monsterinsights_sitenote_note":"","_monsterinsights_sitenote_category":0,"_uf_show_specific_survey":0,"_uf_disable_surveys":false,"footnotes":""},"class_list":["post-306","page","type-page","status-publish","hentry","entry"],"aioseo_notices":[],"_links":{"self":[{"href":"https:\/\/gia.ca\/gestionplex\/wp-json\/wp\/v2\/pages\/306","targetHints":{"allow":["GET"]}}],"collection":[{"href":"https:\/\/gia.ca\/gestionplex\/wp-json\/wp\/v2\/pages"}],"about":[{"href":"https:\/\/gia.ca\/gestionplex\/wp-json\/wp\/v2\/types\/page"}],"author":[{"embeddable":true,"href":"https:\/\/gia.ca\/gestionplex\/wp-json\/wp\/v2\/users\/3456"}],"replies":[{"embeddable":true,"href":"https:\/\/gia.ca\/gestionplex\/wp-json\/wp\/v2\/comments?post=306"}],"version-history":[{"count":178,"href":"https:\/\/gia.ca\/gestionplex\/wp-json\/wp\/v2\/pages\/306\/revisions"}],"predecessor-version":[{"id":2991,"href":"https:\/\/gia.ca\/gestionplex\/wp-json\/wp\/v2\/pages\/306\/revisions\/2991"}],"wp:attachment":[{"href":"https:\/\/gia.ca\/gestionplex\/wp-json\/wp\/v2\/media?parent=306"}],"curies":[{"name":"wp","href":"https:\/\/api.w.org\/{rel}","templated":true}]}}